{"id":354,"date":"2021-12-17T13:51:14","date_gmt":"2021-12-17T12:51:14","guid":{"rendered":"http:\/\/ecole-nda-landeda.fr\/?page_id=354"},"modified":"2026-02-03T11:58:38","modified_gmt":"2026-02-03T10:58:38","slug":"les-tarifs","status":"publish","type":"page","link":"https:\/\/ecole-nda-landeda.fr\/?page_id=354","title":{"rendered":"Les tarifs"},"content":{"rendered":"<p>[et_pb_section fb_built=&#8221;1&#8243; admin_label=&#8221;Header&#8221; _builder_version=&#8221;4.14.2&#8243; _module_preset=&#8221;default&#8221; background_image=&#8221;http:\/\/ecole-nda-landeda.fr\/wp-content\/uploads\/2022\/01\/Mat3-1-scaled-e1641552790887.jpg&#8221; custom_margin=&#8221;||||false|false&#8221; custom_padding=&#8221;0px||0px||false|false&#8221; global_colors_info=&#8221;{}&#8221;][et_pb_row column_structure=&#8221;3_4,1_4&#8243; _builder_version=&#8221;4.6.6&#8243; _module_preset=&#8221;default&#8221; custom_padding=&#8221;0px||0px||true|false&#8221; box_shadow_style=&#8221;preset4&#8243; box_shadow_horizontal=&#8221;-30vw&#8221; box_shadow_vertical=&#8221;0px&#8221; box_shadow_color=&#8221;#ffffff&#8221; global_colors_info=&#8221;{}&#8221;][et_pb_column type=&#8221;3_4&#8243; _builder_version=&#8221;4.6.6&#8243; _module_preset=&#8221;default&#8221; background_color=&#8221;#ffffff&#8221; custom_padding=&#8221;60px||160px||false|false&#8221; custom_padding_tablet=&#8221;||20px||false|false&#8221; custom_padding_phone=&#8221;&#8221; custom_padding_last_edited=&#8221;on|phone&#8221; global_colors_info=&#8221;{}&#8221;][et_pb_text _builder_version=&#8221;4.14.2&#8243; _module_preset=&#8221;default&#8221; header_font=&#8221;Bebas Neue||||||||&#8221; header_text_color=&#8221;#E02B20&#8243; header_font_size=&#8221;52px&#8221; header_line_height=&#8221;0.9em&#8221; header_font_size_tablet=&#8221;80px&#8221; header_font_size_phone=&#8221;48px&#8221; header_font_size_last_edited=&#8221;on|tablet&#8221; header_line_height_tablet=&#8221;1em&#8221; header_line_height_phone=&#8221;&#8221; header_line_height_last_edited=&#8221;on|desktop&#8221; global_colors_info=&#8221;{}&#8221;]<\/p>\n<h1>les tarifs<\/h1>\n<p>[\/et_pb_text][\/et_pb_column][et_pb_column type=&#8221;1_4&#8243; _builder_version=&#8221;4.6.6&#8243; _module_preset=&#8221;default&#8221; custom_padding_tablet=&#8221;50px||||false|false&#8221; custom_padding_phone=&#8221;&#8221; custom_padding_last_edited=&#8221;on|desktop&#8221; global_colors_info=&#8221;{}&#8221;][\/et_pb_column][\/et_pb_row][et_pb_row column_structure=&#8221;1_2,1_2&#8243; _builder_version=&#8221;4.6.6&#8243; _module_preset=&#8221;default&#8221; background_color=&#8221;#f6f6f6&#8243; custom_padding=&#8221;0px||0px|||&#8221; box_shadow_style=&#8221;preset4&#8243; box_shadow_horizontal=&#8221;-30vw&#8221; box_shadow_vertical=&#8221;0px&#8221; box_shadow_color=&#8221;#f6f6f6&#8243; global_colors_info=&#8221;{}&#8221;][et_pb_column type=&#8221;1_2&#8243; _builder_version=&#8221;4.6.6&#8243; _module_preset=&#8221;default&#8221; global_colors_info=&#8221;{}&#8221;][et_pb_text _builder_version=&#8221;4.14.2&#8243; _module_preset=&#8221;default&#8221; text_font_size=&#8221;18px&#8221; global_colors_info=&#8221;{}&#8221;]<\/p>\n<p>En tant qu&#8217;\u00e9tablissement priv\u00e9 sous contrat avec l&#8217;\u00e9tat, nous demandons aux familles une contribution financi\u00e8re.\u00a0<\/p>\n<p>Cette contribution s&#8217;\u00e9l\u00e8ve \u00e0 35 euros par mois sur 10 mois, par enfant, soit 350 euros l&#8217;ann\u00e9e.\u00a0<\/p>\n<p>&nbsp;<\/p>\n<p>&nbsp;<\/p>\n<p>[\/et_pb_text][\/et_pb_column][et_pb_column type=&#8221;1_2&#8243; _builder_version=&#8221;4.6.6&#8243; _module_preset=&#8221;default&#8221; global_colors_info=&#8221;{}&#8221;][et_pb_image src=&#8221;http:\/\/ecole-nda-landeda.fr\/wp-content\/uploads\/2022\/01\/Mat4-scaled-e1641552564923.jpg&#8221; title_text=&#8221;Mat4&#8243; _builder_version=&#8221;4.14.2&#8243; _module_preset=&#8221;default&#8221; global_colors_info=&#8221;{}&#8221;][\/et_pb_image][\/et_pb_column][\/et_pb_row][\/et_pb_section]<\/p>\n","protected":false},"excerpt":{"rendered":"<p>les tarifsEn tant qu&#8217;\u00e9tablissement priv\u00e9 sous contrat avec l&#8217;\u00e9tat, nous demandons aux familles une contribution financi\u00e8re.\u00a0 Cette contribution s&#8217;\u00e9l\u00e8ve \u00e0 35 euros par mois sur 10 mois, par enfant, soit 350 euros l&#8217;ann\u00e9e.\u00a0 &nbsp; &nbsp;<\/p>\n","protected":false},"author":1,"featured_media":0,"parent":0,"menu_order":0,"comment_status":"closed","ping_status":"closed","template":"","meta":{"_et_pb_use_builder":"on","_et_pb_old_content":"","_et_gb_content_width":""},"_links":{"self":[{"href":"https:\/\/ecole-nda-landeda.fr\/index.php?rest_route=\/wp\/v2\/pages\/354"}],"collection":[{"href":"https:\/\/ecole-nda-landeda.fr\/index.php?rest_route=\/wp\/v2\/pages"}],"about":[{"href":"https:\/\/ecole-nda-landeda.fr\/index.php?rest_route=\/wp\/v2\/types\/page"}],"author":[{"embeddable":true,"href":"https:\/\/ecole-nda-landeda.fr\/index.php?rest_route=\/wp\/v2\/users\/1"}],"replies":[{"embeddable":true,"href":"https:\/\/ecole-nda-landeda.fr\/index.php?rest_route=%2Fwp%2Fv2%2Fcomments&post=354"}],"version-history":[{"count":7,"href":"https:\/\/ecole-nda-landeda.fr\/index.php?rest_route=\/wp\/v2\/pages\/354\/revisions"}],"predecessor-version":[{"id":5789,"href":"https:\/\/ecole-nda-landeda.fr\/index.php?rest_route=\/wp\/v2\/pages\/354\/revisions\/5789"}],"wp:attachment":[{"href":"https:\/\/ecole-nda-landeda.fr\/index.php?rest_route=%2Fwp%2Fv2%2Fmedia&parent=354"}],"curies":[{"name":"wp","href":"https:\/\/api.w.org\/{rel}","templated":true}]}}