{"id":373,"date":"2021-12-17T15:27:31","date_gmt":"2021-12-17T14:27:31","guid":{"rendered":"http:\/\/ecole-nda-landeda.fr\/?page_id=373"},"modified":"2022-02-25T16:36:16","modified_gmt":"2022-02-25T15:36:16","slug":"le-reglement-interieur","status":"publish","type":"page","link":"https:\/\/ecole-nda-landeda.fr\/?page_id=373","title":{"rendered":"Le r\u00e8glement int\u00e9rieur"},"content":{"rendered":"<p>[et_pb_section fb_built=&#8221;1&#8243; admin_label=&#8221;Header&#8221; _builder_version=&#8221;4.14.2&#8243; _module_preset=&#8221;default&#8221; background_image=&#8221;http:\/\/ecole-nda-landeda.fr\/wp-content\/uploads\/2022\/01\/Mat3-1-scaled-e1641552790887.jpg&#8221; custom_margin=&#8221;||||false|false&#8221; custom_padding=&#8221;0px||0px||false|false&#8221; global_colors_info=&#8221;{}&#8221;][et_pb_row column_structure=&#8221;3_4,1_4&#8243; _builder_version=&#8221;4.6.6&#8243; _module_preset=&#8221;default&#8221; custom_padding=&#8221;0px||0px||true|false&#8221; box_shadow_style=&#8221;preset4&#8243; box_shadow_horizontal=&#8221;-30vw&#8221; box_shadow_vertical=&#8221;0px&#8221; box_shadow_color=&#8221;#ffffff&#8221; global_colors_info=&#8221;{}&#8221;][et_pb_column type=&#8221;3_4&#8243; _builder_version=&#8221;4.6.6&#8243; _module_preset=&#8221;default&#8221; background_color=&#8221;#ffffff&#8221; custom_padding=&#8221;60px||160px||false|false&#8221; custom_padding_tablet=&#8221;||20px||false|false&#8221; custom_padding_phone=&#8221;&#8221; custom_padding_last_edited=&#8221;on|phone&#8221; global_colors_info=&#8221;{}&#8221;][et_pb_text _builder_version=&#8221;4.14.2&#8243; _module_preset=&#8221;default&#8221; header_font=&#8221;Bebas Neue||||||||&#8221; header_text_color=&#8221;#E02B20&#8243; header_font_size=&#8221;52px&#8221; header_line_height=&#8221;0.9em&#8221; hover_enabled=&#8221;0&#8243; header_font_size_tablet=&#8221;80px&#8221; header_font_size_phone=&#8221;48px&#8221; header_font_size_last_edited=&#8221;on|tablet&#8221; header_line_height_tablet=&#8221;1em&#8221; header_line_height_phone=&#8221;&#8221; header_line_height_last_edited=&#8221;on|desktop&#8221; global_colors_info=&#8221;{}&#8221; sticky_enabled=&#8221;0&#8243;]<\/p>\n<h1>le r\u00e8glement int\u00e9rieur<\/h1>\n<p>[\/et_pb_text][\/et_pb_column][et_pb_column type=&#8221;1_4&#8243; _builder_version=&#8221;4.6.6&#8243; _module_preset=&#8221;default&#8221; custom_padding_tablet=&#8221;50px||||false|false&#8221; custom_padding_phone=&#8221;&#8221; custom_padding_last_edited=&#8221;on|desktop&#8221; global_colors_info=&#8221;{}&#8221;][\/et_pb_column][\/et_pb_row][et_pb_row column_structure=&#8221;1_2,1_2&#8243; _builder_version=&#8221;4.6.6&#8243; _module_preset=&#8221;default&#8221; background_color=&#8221;#f6f6f6&#8243; custom_padding=&#8221;0px||0px|||&#8221; box_shadow_style=&#8221;preset4&#8243; box_shadow_horizontal=&#8221;-30vw&#8221; box_shadow_vertical=&#8221;0px&#8221; box_shadow_color=&#8221;#f6f6f6&#8243; global_colors_info=&#8221;{}&#8221;][et_pb_column type=&#8221;1_2&#8243; _builder_version=&#8221;4.6.6&#8243; _module_preset=&#8221;default&#8221; global_colors_info=&#8221;{}&#8221;][et_pb_text _builder_version=&#8221;4.14.2&#8243; _module_preset=&#8221;default&#8221; text_font_size=&#8221;18px&#8221; custom_margin=&#8221;|-20px||||&#8221; hover_enabled=&#8221;0&#8243; global_colors_info=&#8221;{}&#8221; sticky_enabled=&#8221;0&#8243;]<\/p>\n<p>&nbsp;<\/p>\n<p>L\u2019\u00e9cole Notre Dame des Anges est une \u00e9cole priv\u00e9e catholique, sous contrat d\u2019association avec l\u2019\u00c9tat. Tout en respectant les programmes de l\u2019\u00c9ducation nationale, elle garde une identit\u00e9 propre en assurant une \u00e9ducation dans le respect des valeurs chr\u00e9tiennes. Le r\u00e8glement int\u00e9rieur est \u00e0 destination des parents. Il fixe les r\u00e8gles de vie en commun, indispensables au bon fonctionnement de l\u2019\u00c9tablissement, dans l\u2019int\u00e9r\u00eat de tous, dans le respect des droits et des devoirs de chacun. En inscrivant votre (vos) enfant(s), vous adh\u00e9rez \u00e0 ces r\u00e8gles et vous vous engagez \u00e0 les respecter. Toute l\u2019\u00e9quipe \u00e9ducative est charg\u00e9e de faire appliquer ce r\u00e8glement \u00e0 tous.<\/p>\n<p>Retrouvez l&#8217;int\u00e9gralit\u00e9 du programme sous format PDF : <a href=\"http:\/\/ecole-nda-landeda.fr\/wp-content\/uploads\/2021\/12\/Re\u0300glement-inte\u0301rieur.pdf\" rel=\"attachment wp-att-376\">Re\u0300glement inte\u0301rieur<\/a><\/p>\n<p>&nbsp;<\/p>\n<p>[\/et_pb_text][\/et_pb_column][et_pb_column type=&#8221;1_2&#8243; _builder_version=&#8221;4.6.6&#8243; _module_preset=&#8221;default&#8221; global_colors_info=&#8221;{}&#8221;][et_pb_image src=&#8221;http:\/\/ecole-nda-landeda.fr\/wp-content\/uploads\/2022\/01\/Mat4-scaled-e1641552564923.jpg&#8221; title_text=&#8221;Mat4&#8243; _builder_version=&#8221;4.14.2&#8243; _module_preset=&#8221;default&#8221; global_colors_info=&#8221;{}&#8221;][\/et_pb_image][\/et_pb_column][\/et_pb_row][\/et_pb_section]<\/p>\n","protected":false},"excerpt":{"rendered":"<p>le r\u00e8glement int\u00e9rieur&nbsp; L\u2019\u00e9cole Notre Dame des Anges est une \u00e9cole priv\u00e9e catholique, sous contrat d\u2019association avec l\u2019\u00c9tat. Tout en respectant les programmes de l\u2019\u00c9ducation nationale, elle garde une identit\u00e9 propre en assurant une \u00e9ducation dans le respect des valeurs chr\u00e9tiennes. Le r\u00e8glement int\u00e9rieur est \u00e0 destination des parents. Il fixe les r\u00e8gles de vie [&hellip;]<\/p>\n","protected":false},"author":1,"featured_media":0,"parent":0,"menu_order":0,"comment_status":"closed","ping_status":"closed","template":"","meta":{"_et_pb_use_builder":"on","_et_pb_old_content":"","_et_gb_content_width":""},"_links":{"self":[{"href":"https:\/\/ecole-nda-landeda.fr\/index.php?rest_route=\/wp\/v2\/pages\/373"}],"collection":[{"href":"https:\/\/ecole-nda-landeda.fr\/index.php?rest_route=\/wp\/v2\/pages"}],"about":[{"href":"https:\/\/ecole-nda-landeda.fr\/index.php?rest_route=\/wp\/v2\/types\/page"}],"author":[{"embeddable":true,"href":"https:\/\/ecole-nda-landeda.fr\/index.php?rest_route=\/wp\/v2\/users\/1"}],"replies":[{"embeddable":true,"href":"https:\/\/ecole-nda-landeda.fr\/index.php?rest_route=%2Fwp%2Fv2%2Fcomments&post=373"}],"version-history":[{"count":5,"href":"https:\/\/ecole-nda-landeda.fr\/index.php?rest_route=\/wp\/v2\/pages\/373\/revisions"}],"predecessor-version":[{"id":484,"href":"https:\/\/ecole-nda-landeda.fr\/index.php?rest_route=\/wp\/v2\/pages\/373\/revisions\/484"}],"wp:attachment":[{"href":"https:\/\/ecole-nda-landeda.fr\/index.php?rest_route=%2Fwp%2Fv2%2Fmedia&parent=373"}],"curies":[{"name":"wp","href":"https:\/\/api.w.org\/{rel}","templated":true}]}}